{"id":641,"date":"2021-08-05T15:32:10","date_gmt":"2021-08-05T13:32:10","guid":{"rendered":"https:\/\/www.fleckvieh-samm.at\/imprint\/"},"modified":"2021-08-05T15:32:16","modified_gmt":"2021-08-05T13:32:16","slug":"imprint","status":"publish","type":"page","link":"https:\/\/www.fleckvieh-samm.at\/en\/imprint\/","title":{"rendered":"Imprint"},"content":{"rendered":"<div id='full_slider_1'  class='avia-fullwidth-slider main_color avia-shadow   avia-builder-el-0  el_before_av_heading  avia-builder-el-first   container_wrap sidebar_right'  ><div  class='avia-slideshow av-kn30iqzc-80370fbc8bd4e01e2a43cafb7883e956 avia-slideshow-no scaling av_slideshow_full avia-slide-slider av-slideshow-ui av-control-default av-slideshow-manual av-loop-once av-loop-manual-endless av-default-height-applied   avia-slideshow-1' data-slideshow-options=\"{&quot;animation&quot;:&quot;slide&quot;,&quot;autoplay&quot;:false,&quot;loop_autoplay&quot;:&quot;once&quot;,&quot;interval&quot;:5,&quot;loop_manual&quot;:&quot;manual-endless&quot;,&quot;autoplay_stopper&quot;:false,&quot;noNavigation&quot;:false,&quot;bg_slider&quot;:false,&quot;keep_padding&quot;:false,&quot;hoverpause&quot;:false,&quot;show_slide_delay&quot;:0}\"  itemprop=\"image\" itemscope=\"itemscope\" itemtype=\"https:\/\/schema.org\/ImageObject\" ><ul class='avia-slideshow-inner ' style='padding-bottom: 40%;'><li  class='avia-slideshow-slide av-kn30iqzc-80370fbc8bd4e01e2a43cafb7883e956__0  av-single-slide slide-1 slide-odd'><div data-rel='slideshow-1' class='avia-slide-wrap '   ><img decoding=\"async\" fetchpriority=\"high\" class=\"wp-image-514 avia-img-lazy-loading-not-514\"  src=\"https:\/\/www.fleckvieh-samm.at\/wp-content\/uploads\/2021\/04\/Thomas_Samm.jpg\" width=\"1400\" height=\"560\" title='Thomas_Samm' alt=''  itemprop=\"thumbnailUrl\" srcset=\"https:\/\/www.fleckvieh-samm.at\/wp-content\/uploads\/2021\/04\/Thomas_Samm.jpg 1400w, https:\/\/www.fleckvieh-samm.at\/wp-content\/uploads\/2021\/04\/Thomas_Samm-300x120.jpg 300w, https:\/\/www.fleckvieh-samm.at\/wp-content\/uploads\/2021\/04\/Thomas_Samm-1030x412.jpg 1030w, https:\/\/www.fleckvieh-samm.at\/wp-content\/uploads\/2021\/04\/Thomas_Samm-768x307.jpg 768w, https:\/\/www.fleckvieh-samm.at\/wp-content\/uploads\/2021\/04\/Thomas_Samm-705x282.jpg 705w\" sizes=\"(max-width: 1400px) 100vw, 1400px\" \/><\/div><\/li><\/ul><\/div><\/div><div id='after_full_slider_1'  class='main_color av_default_container_wrap container_wrap sidebar_right'  ><div class='container av-section-cont-open' ><div class='template-page content  av-content-small alpha units'><div class='post-entry post-entry-type-page post-entry-641'><div class='entry-content-wrapper clearfix'>\n\n<style type=\"text\/css\" data-created_by=\"avia_inline_auto\" id=\"style-css-av-kn30jhwr-fa141904da36b10a9d872b8b4b7a7ea2\">\n#top .av-special-heading.av-kn30jhwr-fa141904da36b10a9d872b8b4b7a7ea2{\npadding-bottom:40px;\n}\nbody .av-special-heading.av-kn30jhwr-fa141904da36b10a9d872b8b4b7a7ea2 .av-special-heading-tag .heading-char{\nfont-size:25px;\n}\n.av-special-heading.av-kn30jhwr-fa141904da36b10a9d872b8b4b7a7ea2 .av-subheading{\nfont-size:15px;\n}\n<\/style>\n<div  class='av-special-heading av-kn30jhwr-fa141904da36b10a9d872b8b4b7a7ea2 av-special-heading-h1 blockquote modern-quote modern-centered  avia-builder-el-1  el_after_av_slideshow_full  el_before_av_one_third  avia-builder-el-first '><h1 class='av-special-heading-tag '  itemprop=\"headline\"  >Imprint<\/h1><div class=\"special-heading-border\"><div class=\"special-heading-inner-border\"><\/div><\/div><\/div>\n\n<style type=\"text\/css\" data-created_by=\"avia_inline_auto\" id=\"style-css-av-hkcu3-0ea1b97d5d9e5f60bd36a470ea8097b2\">\n.flex_column.av-hkcu3-0ea1b97d5d9e5f60bd36a470ea8097b2{\nborder-radius:0px 0px 0px 0px;\npadding:0px 0px 0px 0px;\n}\n<\/style>\n<div  class='flex_column av-hkcu3-0ea1b97d5d9e5f60bd36a470ea8097b2 av_one_third  avia-builder-el-2  el_after_av_heading  el_before_av_one_third  first flex_column_div av-zero-column-padding  '     ><section  class='av_textblock_section av-kn30qwv9-f46b1524bbb122d02e0251e623d89fda '   itemscope=\"itemscope\" itemtype=\"https:\/\/schema.org\/CreativeWork\" ><div class='avia_textblock'  itemprop=\"text\" ><p>DI Thomas Samm<\/p>\n<p>Farmer<\/p>\n<p>Flurweg 4<\/p>\n<p>2840 Grimmenstein<\/p>\n<p>Austria<\/p>\n<p>T: +43 (0) 676 750 50 28<\/p>\n<p>thomas.samm@aon.at<\/p>\n<\/div><\/section><\/div>\n<style type=\"text\/css\" data-created_by=\"avia_inline_auto\" id=\"style-css-av-a7hcb-9757080a0cf8da557704a684360d7313\">\n.flex_column.av-a7hcb-9757080a0cf8da557704a684360d7313{\nborder-radius:0px 0px 0px 0px;\npadding:0px 0px 0px 0px;\n}\n<\/style>\n<div  class='flex_column av-a7hcb-9757080a0cf8da557704a684360d7313 av_one_third  avia-builder-el-4  el_after_av_one_third  avia-builder-el-last  flex_column_div av-zero-column-padding  '     ><section  class='av_textblock_section av-kn30uj99-a91cbb4185b11f338f2008397922656d '   itemscope=\"itemscope\" itemtype=\"https:\/\/schema.org\/CreativeWork\" ><div class='avia_textblock'  itemprop=\"text\" ><p>F\u00fcr den Inhalt verantwortlich: DI Thomas Samm<\/p>\n<p>Design &amp; Programmierung: Agentur Schopfhauser <a href=\"https:\/\/www.schopfhauser.at\">www.schopfhauser.at<\/a><\/p>\n<p>Fotos: Maria Samm<\/p>\n<p>Die auf der Web Site angebotenen Informationen wurden gr\u00fcndlich recherchiert, trotzdem kann auf Aktualit\u00e4t, Vollst\u00e4ndigkeit und Richtigkeit kein Anspruch erhoben werden, jede Haftung wird ausgeschlossen.<\/p>\n<\/div><\/section><\/div><\/p>\n","protected":false},"excerpt":{"rendered":"","protected":false},"author":1,"featured_media":0,"parent":0,"menu_order":0,"comment_status":"closed","ping_status":"closed","template":"","meta":{"footnotes":""},"class_list":["post-641","page","type-page","status-publish","hentry"],"yoast_head":"<!-- This site is optimized with the Yoast SEO plugin v27.4 - https:\/\/yoast.com\/product\/yoast-seo-wordpress\/ -->\n<title>Imprint - Fleckvieh Samm<\/title>\n<meta name=\"description\" content=\"All necessary information about my mountain farm in southern Lower Austria as well as the contact details.\" \/>\n<meta name=\"robots\" content=\"index, follow, max-snippet:-1, max-image-preview:large, max-video-preview:-1\" \/>\n<link rel=\"canonical\" href=\"https:\/\/www.fleckvieh-samm.at\/en\/imprint\/\" \/>\n<meta property=\"og:locale\" content=\"en_US\" \/>\n<meta property=\"og:type\" content=\"article\" \/>\n<meta property=\"og:title\" content=\"Imprint - Fleckvieh Samm\" \/>\n<meta property=\"og:description\" content=\"All necessary information about my mountain farm in southern Lower Austria as well as the contact details.\" \/>\n<meta property=\"og:url\" content=\"https:\/\/www.fleckvieh-samm.at\/en\/imprint\/\" \/>\n<meta property=\"og:site_name\" content=\"Fleckvieh Samm\" \/>\n<meta property=\"article:modified_time\" content=\"2021-08-05T13:32:16+00:00\" \/>\n<meta name=\"twitter:card\" content=\"summary_large_image\" \/>\n<meta name=\"twitter:label1\" content=\"Est. reading time\" \/>\n\t<meta name=\"twitter:data1\" content=\"3 minutes\" \/>\n<script type=\"application\/ld+json\" class=\"yoast-schema-graph\">{\"@context\":\"https:\\\/\\\/schema.org\",\"@graph\":[{\"@type\":\"WebPage\",\"@id\":\"https:\\\/\\\/www.fleckvieh-samm.at\\\/en\\\/imprint\\\/\",\"url\":\"https:\\\/\\\/www.fleckvieh-samm.at\\\/en\\\/imprint\\\/\",\"name\":\"Imprint - Fleckvieh Samm\",\"isPartOf\":{\"@id\":\"https:\\\/\\\/www.fleckvieh-samm.at\\\/en\\\/#website\"},\"datePublished\":\"2021-08-05T13:32:10+00:00\",\"dateModified\":\"2021-08-05T13:32:16+00:00\",\"description\":\"All necessary information about my mountain farm in southern Lower Austria as well as the contact details.\",\"breadcrumb\":{\"@id\":\"https:\\\/\\\/www.fleckvieh-samm.at\\\/en\\\/imprint\\\/#breadcrumb\"},\"inLanguage\":\"en-US\",\"potentialAction\":[{\"@type\":\"ReadAction\",\"target\":[\"https:\\\/\\\/www.fleckvieh-samm.at\\\/en\\\/imprint\\\/\"]}]},{\"@type\":\"BreadcrumbList\",\"@id\":\"https:\\\/\\\/www.fleckvieh-samm.at\\\/en\\\/imprint\\\/#breadcrumb\",\"itemListElement\":[{\"@type\":\"ListItem\",\"position\":1,\"name\":\"Startseite\",\"item\":\"https:\\\/\\\/www.fleckvieh-samm.at\\\/en\\\/\"},{\"@type\":\"ListItem\",\"position\":2,\"name\":\"Imprint\"}]},{\"@type\":\"WebSite\",\"@id\":\"https:\\\/\\\/www.fleckvieh-samm.at\\\/en\\\/#website\",\"url\":\"https:\\\/\\\/www.fleckvieh-samm.at\\\/en\\\/\",\"name\":\"Fleckvieh Samm\",\"description\":\"Zucht von genetisch hornlosem Fleckvieh in der Mutterkuhhaltung auf hohem Niveau.\",\"publisher\":{\"@id\":\"https:\\\/\\\/www.fleckvieh-samm.at\\\/en\\\/#organization\"},\"potentialAction\":[{\"@type\":\"SearchAction\",\"target\":{\"@type\":\"EntryPoint\",\"urlTemplate\":\"https:\\\/\\\/www.fleckvieh-samm.at\\\/en\\\/?s={search_term_string}\"},\"query-input\":{\"@type\":\"PropertyValueSpecification\",\"valueRequired\":true,\"valueName\":\"search_term_string\"}}],\"inLanguage\":\"en-US\"},{\"@type\":\"Organization\",\"@id\":\"https:\\\/\\\/www.fleckvieh-samm.at\\\/en\\\/#organization\",\"name\":\"Fleckvieh Samm\",\"url\":\"https:\\\/\\\/www.fleckvieh-samm.at\\\/en\\\/\",\"logo\":{\"@type\":\"ImageObject\",\"inLanguage\":\"en-US\",\"@id\":\"https:\\\/\\\/www.fleckvieh-samm.at\\\/en\\\/#\\\/schema\\\/logo\\\/image\\\/\",\"url\":\"https:\\\/\\\/www.fleckvieh-samm.at\\\/wp-content\\\/uploads\\\/2021\\\/04\\\/Samm-Logo-Header.png\",\"contentUrl\":\"https:\\\/\\\/www.fleckvieh-samm.at\\\/wp-content\\\/uploads\\\/2021\\\/04\\\/Samm-Logo-Header.png\",\"width\":340,\"height\":105,\"caption\":\"Fleckvieh Samm\"},\"image\":{\"@id\":\"https:\\\/\\\/www.fleckvieh-samm.at\\\/en\\\/#\\\/schema\\\/logo\\\/image\\\/\"}}]}<\/script>\n<!-- \/ Yoast SEO plugin. -->","yoast_head_json":{"title":"Imprint - Fleckvieh Samm","description":"All necessary information about my mountain farm in southern Lower Austria as well as the contact details.","robots":{"index":"index","follow":"follow","max-snippet":"max-snippet:-1","max-image-preview":"max-image-preview:large","max-video-preview":"max-video-preview:-1"},"canonical":"https:\/\/www.fleckvieh-samm.at\/en\/imprint\/","og_locale":"en_US","og_type":"article","og_title":"Imprint - Fleckvieh Samm","og_description":"All necessary information about my mountain farm in southern Lower Austria as well as the contact details.","og_url":"https:\/\/www.fleckvieh-samm.at\/en\/imprint\/","og_site_name":"Fleckvieh Samm","article_modified_time":"2021-08-05T13:32:16+00:00","twitter_card":"summary_large_image","twitter_misc":{"Est. reading time":"3 minutes"},"schema":{"@context":"https:\/\/schema.org","@graph":[{"@type":"WebPage","@id":"https:\/\/www.fleckvieh-samm.at\/en\/imprint\/","url":"https:\/\/www.fleckvieh-samm.at\/en\/imprint\/","name":"Imprint - Fleckvieh Samm","isPartOf":{"@id":"https:\/\/www.fleckvieh-samm.at\/en\/#website"},"datePublished":"2021-08-05T13:32:10+00:00","dateModified":"2021-08-05T13:32:16+00:00","description":"All necessary information about my mountain farm in southern Lower Austria as well as the contact details.","breadcrumb":{"@id":"https:\/\/www.fleckvieh-samm.at\/en\/imprint\/#breadcrumb"},"inLanguage":"en-US","potentialAction":[{"@type":"ReadAction","target":["https:\/\/www.fleckvieh-samm.at\/en\/imprint\/"]}]},{"@type":"BreadcrumbList","@id":"https:\/\/www.fleckvieh-samm.at\/en\/imprint\/#breadcrumb","itemListElement":[{"@type":"ListItem","position":1,"name":"Startseite","item":"https:\/\/www.fleckvieh-samm.at\/en\/"},{"@type":"ListItem","position":2,"name":"Imprint"}]},{"@type":"WebSite","@id":"https:\/\/www.fleckvieh-samm.at\/en\/#website","url":"https:\/\/www.fleckvieh-samm.at\/en\/","name":"Fleckvieh Samm","description":"Zucht von genetisch hornlosem Fleckvieh in der Mutterkuhhaltung auf hohem Niveau.","publisher":{"@id":"https:\/\/www.fleckvieh-samm.at\/en\/#organization"},"potentialAction":[{"@type":"SearchAction","target":{"@type":"EntryPoint","urlTemplate":"https:\/\/www.fleckvieh-samm.at\/en\/?s={search_term_string}"},"query-input":{"@type":"PropertyValueSpecification","valueRequired":true,"valueName":"search_term_string"}}],"inLanguage":"en-US"},{"@type":"Organization","@id":"https:\/\/www.fleckvieh-samm.at\/en\/#organization","name":"Fleckvieh Samm","url":"https:\/\/www.fleckvieh-samm.at\/en\/","logo":{"@type":"ImageObject","inLanguage":"en-US","@id":"https:\/\/www.fleckvieh-samm.at\/en\/#\/schema\/logo\/image\/","url":"https:\/\/www.fleckvieh-samm.at\/wp-content\/uploads\/2021\/04\/Samm-Logo-Header.png","contentUrl":"https:\/\/www.fleckvieh-samm.at\/wp-content\/uploads\/2021\/04\/Samm-Logo-Header.png","width":340,"height":105,"caption":"Fleckvieh Samm"},"image":{"@id":"https:\/\/www.fleckvieh-samm.at\/en\/#\/schema\/logo\/image\/"}}]}},"_links":{"self":[{"href":"https:\/\/www.fleckvieh-samm.at\/en\/wp-json\/wp\/v2\/pages\/641","targetHints":{"allow":["GET"]}}],"collection":[{"href":"https:\/\/www.fleckvieh-samm.at\/en\/wp-json\/wp\/v2\/pages"}],"about":[{"href":"https:\/\/www.fleckvieh-samm.at\/en\/wp-json\/wp\/v2\/types\/page"}],"author":[{"embeddable":true,"href":"https:\/\/www.fleckvieh-samm.at\/en\/wp-json\/wp\/v2\/users\/1"}],"replies":[{"embeddable":true,"href":"https:\/\/www.fleckvieh-samm.at\/en\/wp-json\/wp\/v2\/comments?post=641"}],"version-history":[{"count":1,"href":"https:\/\/www.fleckvieh-samm.at\/en\/wp-json\/wp\/v2\/pages\/641\/revisions"}],"predecessor-version":[{"id":642,"href":"https:\/\/www.fleckvieh-samm.at\/en\/wp-json\/wp\/v2\/pages\/641\/revisions\/642"}],"wp:attachment":[{"href":"https:\/\/www.fleckvieh-samm.at\/en\/wp-json\/wp\/v2\/media?parent=641"}],"curies":[{"name":"wp","href":"https:\/\/api.w.org\/{rel}","templated":true}]}}